{"id":122,"date":"2026-03-21T11:21:18","date_gmt":"2026-03-21T11:21:18","guid":{"rendered":"https:\/\/hydro-bud.net.pl\/?page_id=122"},"modified":"2026-04-04T10:57:57","modified_gmt":"2026-04-04T10:57:57","slug":"kontakt","status":"publish","type":"page","link":"https:\/\/hydro-bud.net.pl\/?page_id=122","title":{"rendered":"Kontakt"},"content":{"rendered":"\t\t<div data-elementor-type=\"wp-page\" data-elementor-id=\"122\" class=\"elementor elementor-122\" data-elementor-post-type=\"page\">\n\t\t\t\t<div class=\"elementor-element elementor-element-a096a4d e-flex e-con-boxed e-con e-parent\" data-id=\"a096a4d\" data-element_type=\"container\" data-e-type=\"container\" data-settings=\"{&quot;background_background&quot;:&quot;classic&quot;}\">\n\t\t\t\t\t<div class=\"e-con-inner\">\n\t\t\t\t<div class=\"elementor-element elementor-element-30ee8a6 elementor-widget elementor-widget-heading\" data-id=\"30ee8a6\" data-element_type=\"widget\" data-e-type=\"widget\" data-widget_type=\"heading.default\">\n\t\t\t\t\t<h1 class=\"elementor-heading-title elementor-size-default\">KONTAKT<\/h1>\t\t\t\t<\/div>\n\t\t\t\t\t<\/div>\n\t\t\t\t<\/div>\n\t\t<div class=\"elementor-element elementor-element-391a882 e-con-full e-flex e-con e-parent\" data-id=\"391a882\" data-element_type=\"container\" data-e-type=\"container\">\n\t\t<div class=\"elementor-element elementor-element-181abd0 e-con-full e-flex e-con e-child\" data-id=\"181abd0\" data-element_type=\"container\" data-e-type=\"container\">\n\t\t\t\t<div class=\"elementor-element elementor-element-f2cfeba elementor-widget elementor-widget-google_maps\" data-id=\"f2cfeba\" data-element_type=\"widget\" data-e-type=\"widget\" data-widget_type=\"google_maps.default\">\n\t\t\t\t\t\t\t<div class=\"elementor-custom-embed\">\n\t\t\t<iframe loading=\"lazy\"\n\t\t\t\t\tsrc=\"https:\/\/maps.google.com\/maps?q=%2064-560%20Szczepankowo%2043B&#038;t=m&#038;z=4&#038;output=embed&#038;iwloc=near\"\n\t\t\t\t\ttitle=\" 64-560 Szczepankowo 43B\"\n\t\t\t\t\taria-label=\" 64-560 Szczepankowo 43B\"\n\t\t\t><\/iframe>\n\t\t<\/div>\n\t\t\t\t\t\t<\/div>\n\t\t\t\t<\/div>\n\t\t<div class=\"elementor-element elementor-element-3ccb02a e-con-full e-flex e-con e-child\" data-id=\"3ccb02a\" data-element_type=\"container\" data-e-type=\"container\" data-settings=\"{&quot;background_background&quot;:&quot;classic&quot;}\">\n\t\t\t\t<div class=\"elementor-element elementor-element-cb30399 elementor-widget elementor-widget-heading\" data-id=\"cb30399\" data-element_type=\"widget\" data-e-type=\"widget\" data-widget_type=\"heading.default\">\n\t\t\t\t\t<h2 class=\"elementor-heading-title elementor-size-default\">SKONTAKUJ\nSI\u0118 Z NAMI<\/h2>\t\t\t\t<\/div>\n\t\t\t\t<div class=\"elementor-element elementor-element-472f4a7 elementor-button-align-stretch elementor-widget elementor-widget-form\" data-id=\"472f4a7\" data-element_type=\"widget\" data-e-type=\"widget\" data-settings=\"{&quot;step_next_label&quot;:&quot;Nast\\u0119pny&quot;,&quot;step_previous_label&quot;:&quot;Poprzedni&quot;,&quot;button_width&quot;:&quot;100&quot;,&quot;step_type&quot;:&quot;number_text&quot;,&quot;step_icon_shape&quot;:&quot;circle&quot;}\" data-widget_type=\"form.default\">\n\t\t\t\t\t\t\t<form class=\"elementor-form\" method=\"post\" name=\"Nowy Formularz Kontakt Hydro-Bud\" aria-label=\"Nowy Formularz Kontakt Hydro-Bud\">\n\t\t\t<input type=\"hidden\" name=\"post_id\" value=\"122\"\/>\n\t\t\t<input type=\"hidden\" name=\"form_id\" value=\"472f4a7\"\/>\n\t\t\t<input type=\"hidden\" name=\"referer_title\" value=\"Kontakt - Hydro-Bud Mateusz Malinowski\" \/>\n\n\t\t\t\t\t\t\t<input type=\"hidden\" name=\"queried_id\" value=\"122\"\/>\n\t\t\t\n\t\t\t<div class=\"elementor-form-fields-wrapper elementor-labels-\">\n\t\t\t\t\t\t\t\t<div class=\"elementor-field-type-text elementor-field-group elementor-column elementor-field-group-name elementor-col-100 elementor-field-required\">\n\t\t\t\t\t\t\t\t\t\t\t\t<label for=\"form-field-name\" class=\"elementor-field-label elementor-screen-only\">\n\t\t\t\t\t\t\t\tImi\u0119 \t\t\t\t\t\t\t<\/label>\n\t\t\t\t\t\t\t\t\t\t\t\t\t\t<input size=\"1\" type=\"text\" name=\"form_fields[name]\" id=\"form-field-name\" class=\"elementor-field elementor-size-sm  elementor-field-textual\" placeholder=\"Imi\u0119 \" required=\"required\">\n\t\t\t\t\t\t\t\t\t\t\t<\/div>\n\t\t\t\t\t\t\t\t<div class=\"elementor-field-type-tel elementor-field-group elementor-column elementor-field-group-field_00a2b7b elementor-col-100 elementor-field-required\">\n\t\t\t\t\t\t\t\t\t\t\t\t<label for=\"form-field-field_00a2b7b\" class=\"elementor-field-label elementor-screen-only\">\n\t\t\t\t\t\t\t\tTelefon\t\t\t\t\t\t\t<\/label>\n\t\t\t\t\t\t\t\t<input size=\"1\" type=\"tel\" name=\"form_fields[field_00a2b7b]\" id=\"form-field-field_00a2b7b\" class=\"elementor-field elementor-size-sm  elementor-field-textual\" placeholder=\"Telefon*\" required=\"required\" pattern=\"[0-9()#&amp;+*-=.]+\" title=\"Akceptowane s\u0105 jedynie cyfry i znaki telefoniczne (#,-,*).\">\n\n\t\t\t\t\t\t<\/div>\n\t\t\t\t\t\t\t\t<div class=\"elementor-field-type-email elementor-field-group elementor-column elementor-field-group-email elementor-col-100 elementor-field-required\">\n\t\t\t\t\t\t\t\t\t\t\t\t<label for=\"form-field-email\" class=\"elementor-field-label elementor-screen-only\">\n\t\t\t\t\t\t\t\tE-mail\t\t\t\t\t\t\t<\/label>\n\t\t\t\t\t\t\t\t\t\t\t\t\t\t<input size=\"1\" type=\"email\" name=\"form_fields[email]\" id=\"form-field-email\" class=\"elementor-field elementor-size-sm  elementor-field-textual\" placeholder=\"E-mail*\" required=\"required\">\n\t\t\t\t\t\t\t\t\t\t\t<\/div>\n\t\t\t\t\t\t\t\t<div class=\"elementor-field-type-textarea elementor-field-group elementor-column elementor-field-group-message elementor-col-100 elementor-field-required\">\n\t\t\t\t\t\t\t\t\t\t\t\t<label for=\"form-field-message\" class=\"elementor-field-label elementor-screen-only\">\n\t\t\t\t\t\t\t\tWiadomo\u015b\u0107\t\t\t\t\t\t\t<\/label>\n\t\t\t\t\t\t<textarea class=\"elementor-field-textual elementor-field  elementor-size-sm\" name=\"form_fields[message]\" id=\"form-field-message\" rows=\"4\" placeholder=\"Wiadomo\u015b\u0107*\" required=\"required\"><\/textarea>\t\t\t\t<\/div>\n\t\t\t\t\t\t\t\t<div class=\"elementor-field-type-acceptance elementor-field-group elementor-column elementor-field-group-field_94252dc elementor-col-100 elementor-field-required\">\n\t\t\t\t\t\t\t<div class=\"elementor-field-subgroup\">\n\t\t\t<span class=\"elementor-field-option\">\n\t\t\t\t<input type=\"checkbox\" name=\"form_fields[field_94252dc]\" id=\"form-field-field_94252dc\" class=\"elementor-field elementor-size-sm  elementor-acceptance-field\" required=\"required\">\n\t\t\t\t<label for=\"form-field-field_94252dc\">Wyra\u017casz zgod\u0119 na kontakt telefoniczny oraz mailowy w celu obs\u0142ugi niniejszego zg\u0142oszenia. Wyra\u017casz zgod\u0119 na otrzymywanie informacji handlowych \u015brodkami komunikacji elektronicznej wysy\u0142anymi przez www.hydro-bud.net.pl oraz na wykorzystanie komunikacji email w celach marketingowych.*<\/label>\t\t\t<\/span>\n\t\t<\/div>\n\t\t\t\t\t\t<\/div>\n\t\t\t\t\t\t\t\t<div class=\"elementor-field-group elementor-column elementor-field-type-submit elementor-col-100 e-form__buttons\">\n\t\t\t\t\t<button class=\"elementor-button elementor-size-sm\" type=\"submit\">\n\t\t\t\t\t\t<span class=\"elementor-button-content-wrapper\">\n\t\t\t\t\t\t\t\t\t\t\t\t\t\t\t\t\t\t\t\t\t\t<span class=\"elementor-button-text\">Wy\u015blij Zapytanie<\/span>\n\t\t\t\t\t\t\t\t\t\t\t\t\t<\/span>\n\t\t\t\t\t<\/button>\n\t\t\t\t<\/div>\n\t\t\t<\/div>\n\t\t<\/form>\n\t\t\t\t\t\t<\/div>\n\t\t\t\t<\/div>\n\t\t\t\t<\/div>\n\t\t\t\t<\/div>\n\t\t","protected":false},"excerpt":{"rendered":"<p>KONTAKT SKONTAKUJ SI\u0118 Z NAMI<\/p>\n","protected":false},"author":1,"featured_media":0,"parent":0,"menu_order":0,"comment_status":"closed","ping_status":"closed","template":"","meta":{"footnotes":""},"class_list":["post-122","page","type-page","status-publish","hentry"],"yoast_head":"<!-- This site is optimized with the Yoast SEO plugin v27.2 - https:\/\/yoast.com\/product\/yoast-seo-wordpress\/ -->\n<title>Kontakt - Hydro-Bud Mateusz Malinowski<\/title>\n<meta name=\"robots\" content=\"index, follow, max-snippet:-1, max-image-preview:large, max-video-preview:-1\" \/>\n<link rel=\"canonical\" href=\"https:\/\/hydro-bud.net.pl\/?page_id=122\" \/>\n<meta property=\"og:locale\" content=\"pl_PL\" \/>\n<meta property=\"og:type\" content=\"article\" \/>\n<meta property=\"og:title\" content=\"Kontakt - Hydro-Bud Mateusz Malinowski\" \/>\n<meta property=\"og:description\" content=\"KONTAKT SKONTAKUJ SI\u0118 Z NAMI\" \/>\n<meta property=\"og:url\" content=\"https:\/\/hydro-bud.net.pl\/?page_id=122\" \/>\n<meta property=\"og:site_name\" content=\"Hydro-Bud Mateusz Malinowski\" \/>\n<meta property=\"article:modified_time\" content=\"2026-04-04T10:57:57+00:00\" \/>\n<meta name=\"twitter:card\" content=\"summary_large_image\" \/>\n<meta name=\"twitter:label1\" content=\"Szacowany czas czytania\" \/>\n\t<meta name=\"twitter:data1\" content=\"1 minuta\" \/>\n<script type=\"application\/ld+json\" class=\"yoast-schema-graph\">{\"@context\":\"https:\/\/schema.org\",\"@graph\":[{\"@type\":\"WebPage\",\"@id\":\"https:\/\/hydro-bud.net.pl\/?page_id=122\",\"url\":\"https:\/\/hydro-bud.net.pl\/?page_id=122\",\"name\":\"Kontakt - Hydro-Bud Mateusz Malinowski\",\"isPartOf\":{\"@id\":\"https:\/\/hydro-bud.net.pl\/#website\"},\"datePublished\":\"2026-03-21T11:21:18+00:00\",\"dateModified\":\"2026-04-04T10:57:57+00:00\",\"breadcrumb\":{\"@id\":\"https:\/\/hydro-bud.net.pl\/?page_id=122#breadcrumb\"},\"inLanguage\":\"pl-PL\",\"potentialAction\":[{\"@type\":\"ReadAction\",\"target\":[\"https:\/\/hydro-bud.net.pl\/?page_id=122\"]}]},{\"@type\":\"BreadcrumbList\",\"@id\":\"https:\/\/hydro-bud.net.pl\/?page_id=122#breadcrumb\",\"itemListElement\":[{\"@type\":\"ListItem\",\"position\":1,\"name\":\"Strona g\u0142\u00f3wna\",\"item\":\"https:\/\/hydro-bud.net.pl\/\"},{\"@type\":\"ListItem\",\"position\":2,\"name\":\"Kontakt\"}]},{\"@type\":\"WebSite\",\"@id\":\"https:\/\/hydro-bud.net.pl\/#website\",\"url\":\"https:\/\/hydro-bud.net.pl\/\",\"name\":\"Hydro-Bud Mateusz Malinowski\",\"description\":\"\",\"publisher\":{\"@id\":\"https:\/\/hydro-bud.net.pl\/#organization\"},\"potentialAction\":[{\"@type\":\"SearchAction\",\"target\":{\"@type\":\"EntryPoint\",\"urlTemplate\":\"https:\/\/hydro-bud.net.pl\/?s={search_term_string}\"},\"query-input\":{\"@type\":\"PropertyValueSpecification\",\"valueRequired\":true,\"valueName\":\"search_term_string\"}}],\"inLanguage\":\"pl-PL\"},{\"@type\":\"Organization\",\"@id\":\"https:\/\/hydro-bud.net.pl\/#organization\",\"name\":\"Hydro-Bud Mateusz Malinowski\",\"url\":\"https:\/\/hydro-bud.net.pl\/\",\"logo\":{\"@type\":\"ImageObject\",\"inLanguage\":\"pl-PL\",\"@id\":\"https:\/\/hydro-bud.net.pl\/#\/schema\/logo\/image\/\",\"url\":\"https:\/\/hydro-bud.net.pl\/wp-content\/uploads\/2026\/03\/HYDRO-BUD-1.png\",\"contentUrl\":\"https:\/\/hydro-bud.net.pl\/wp-content\/uploads\/2026\/03\/HYDRO-BUD-1.png\",\"width\":500,\"height\":500,\"caption\":\"Hydro-Bud Mateusz Malinowski\"},\"image\":{\"@id\":\"https:\/\/hydro-bud.net.pl\/#\/schema\/logo\/image\/\"}}]}<\/script>\n<!-- \/ Yoast SEO plugin. -->","yoast_head_json":{"title":"Kontakt - Hydro-Bud Mateusz Malinowski","robots":{"index":"index","follow":"follow","max-snippet":"max-snippet:-1","max-image-preview":"max-image-preview:large","max-video-preview":"max-video-preview:-1"},"canonical":"https:\/\/hydro-bud.net.pl\/?page_id=122","og_locale":"pl_PL","og_type":"article","og_title":"Kontakt - Hydro-Bud Mateusz Malinowski","og_description":"KONTAKT SKONTAKUJ SI\u0118 Z NAMI","og_url":"https:\/\/hydro-bud.net.pl\/?page_id=122","og_site_name":"Hydro-Bud Mateusz Malinowski","article_modified_time":"2026-04-04T10:57:57+00:00","twitter_card":"summary_large_image","twitter_misc":{"Szacowany czas czytania":"1 minuta"},"schema":{"@context":"https:\/\/schema.org","@graph":[{"@type":"WebPage","@id":"https:\/\/hydro-bud.net.pl\/?page_id=122","url":"https:\/\/hydro-bud.net.pl\/?page_id=122","name":"Kontakt - Hydro-Bud Mateusz Malinowski","isPartOf":{"@id":"https:\/\/hydro-bud.net.pl\/#website"},"datePublished":"2026-03-21T11:21:18+00:00","dateModified":"2026-04-04T10:57:57+00:00","breadcrumb":{"@id":"https:\/\/hydro-bud.net.pl\/?page_id=122#breadcrumb"},"inLanguage":"pl-PL","potentialAction":[{"@type":"ReadAction","target":["https:\/\/hydro-bud.net.pl\/?page_id=122"]}]},{"@type":"BreadcrumbList","@id":"https:\/\/hydro-bud.net.pl\/?page_id=122#breadcrumb","itemListElement":[{"@type":"ListItem","position":1,"name":"Strona g\u0142\u00f3wna","item":"https:\/\/hydro-bud.net.pl\/"},{"@type":"ListItem","position":2,"name":"Kontakt"}]},{"@type":"WebSite","@id":"https:\/\/hydro-bud.net.pl\/#website","url":"https:\/\/hydro-bud.net.pl\/","name":"Hydro-Bud Mateusz Malinowski","description":"","publisher":{"@id":"https:\/\/hydro-bud.net.pl\/#organization"},"potentialAction":[{"@type":"SearchAction","target":{"@type":"EntryPoint","urlTemplate":"https:\/\/hydro-bud.net.pl\/?s={search_term_string}"},"query-input":{"@type":"PropertyValueSpecification","valueRequired":true,"valueName":"search_term_string"}}],"inLanguage":"pl-PL"},{"@type":"Organization","@id":"https:\/\/hydro-bud.net.pl\/#organization","name":"Hydro-Bud Mateusz Malinowski","url":"https:\/\/hydro-bud.net.pl\/","logo":{"@type":"ImageObject","inLanguage":"pl-PL","@id":"https:\/\/hydro-bud.net.pl\/#\/schema\/logo\/image\/","url":"https:\/\/hydro-bud.net.pl\/wp-content\/uploads\/2026\/03\/HYDRO-BUD-1.png","contentUrl":"https:\/\/hydro-bud.net.pl\/wp-content\/uploads\/2026\/03\/HYDRO-BUD-1.png","width":500,"height":500,"caption":"Hydro-Bud Mateusz Malinowski"},"image":{"@id":"https:\/\/hydro-bud.net.pl\/#\/schema\/logo\/image\/"}}]}},"_links":{"self":[{"href":"https:\/\/hydro-bud.net.pl\/index.php?rest_route=\/wp\/v2\/pages\/122","targetHints":{"allow":["GET"]}}],"collection":[{"href":"https:\/\/hydro-bud.net.pl\/index.php?rest_route=\/wp\/v2\/pages"}],"about":[{"href":"https:\/\/hydro-bud.net.pl\/index.php?rest_route=\/wp\/v2\/types\/page"}],"author":[{"embeddable":true,"href":"https:\/\/hydro-bud.net.pl\/index.php?rest_route=\/wp\/v2\/users\/1"}],"replies":[{"embeddable":true,"href":"https:\/\/hydro-bud.net.pl\/index.php?rest_route=%2Fwp%2Fv2%2Fcomments&post=122"}],"version-history":[{"count":22,"href":"https:\/\/hydro-bud.net.pl\/index.php?rest_route=\/wp\/v2\/pages\/122\/revisions"}],"predecessor-version":[{"id":508,"href":"https:\/\/hydro-bud.net.pl\/index.php?rest_route=\/wp\/v2\/pages\/122\/revisions\/508"}],"wp:attachment":[{"href":"https:\/\/hydro-bud.net.pl\/index.php?rest_route=%2Fwp%2Fv2%2Fmedia&parent=122"}],"curies":[{"name":"wp","href":"https:\/\/api.w.org\/{rel}","templated":true}]}}